{"id":508,"date":"2019-03-06T08:02:34","date_gmt":"2019-03-06T08:02:34","guid":{"rendered":"http:\/\/umiphar.vn\/?page_id=508"},"modified":"2022-07-29T06:38:18","modified_gmt":"2022-07-29T06:38:18","slug":"gioi-thieu","status":"publish","type":"page","link":"https:\/\/astarpharma.vinastar.info\/?page_id=508","title":{"rendered":"Gi\u1edbi thi\u1ec7u"},"content":{"rendered":"<p><b>GI\u1edaI THI\u1ec6U C\u00d4NG TY UMIPHAR<\/b><\/p>\n<p><span style=\"font-weight: 400;\">UmiPhar xin g\u1eedi l\u1eddi ch\u00e0o tr\u00e2n tr\u1ecdng \u0111\u1ebfn Qu\u00fd kh\u00e1ch h\u00e0ng!<\/span><\/p>\n<p><span style=\"font-weight: 400;\">C\u00f4ng ty C\u1ed5 ph\u1ea7n D\u01b0\u1ee3c ph\u1ea9m Qu\u1ed1c t\u1ebf UmiPhar lu\u00f4n h\u01b0\u1edbng \u0111\u1ebfn m\u1ee5c ti\u00eau \u0111\u01b0\u1ee3c ph\u1ee5c v\u1ee5, ch\u0103m s\u00f3c s\u1ee9c kh\u1ecfe c\u1ed9ng \u0111\u1ed3ng v\u1edbi ch\u1ea5t l\u01b0\u1ee3ng t\u1ed1t nh\u1ea5t v\u00e0 gi\u00e1 c\u1ea3 h\u1ee3p l\u00fd.<\/span><\/p>\n<p><span style=\"font-weight: 400;\">UmiPhar c\u00f3 \u0111\u1ed9i ng\u0169 chuy\u00ean gia nghi\u00ean c\u1ee9u gi\u00e0u kinh nghi\u1ec7m, lu\u00f4n \u0111\u1eb7t s\u1ee9c kh\u1ecfe c\u1ed9ng \u0111\u1ed3ng l\u00ean v\u1ecb tr\u00ed \u01b0u ti\u00ean h\u00e0ng \u0111\u1ea7u. Ch\u00fang t\u00f4i t\u00edch c\u1ef1c l\u1eafng nghe v\u00e0 ti\u1ebfp thu \u00fd ki\u1ebfn, t\u00e2m t\u01b0 nguy\u1ec7n v\u1ecdng c\u1ee7a kh\u00e1ch h\u00e0ng.<\/span><\/p>\n<p><span style=\"font-weight: 400;\"><strong>UmiPhar<\/strong> cam k\u1ebft ph\u1ee5c v\u1ee5 kh\u00e1ch h\u00e0ng theo 4 ti\u00eau ch\u00ed:<\/span><\/p>\n<ul>\n<li style=\"font-weight: 400;\" aria-level=\"1\"><span style=\"font-weight: 400;\">An To\u00e0n<\/span><\/li>\n<li style=\"font-weight: 400;\" aria-level=\"1\"><span style=\"font-weight: 400;\">Hi\u1ec7u Qu\u1ea3<\/span><\/li>\n<li style=\"font-weight: 400;\" aria-level=\"1\"><span style=\"font-weight: 400;\">T\u1eadn T\u00ecnh<\/span><\/li>\n<li style=\"font-weight: 400;\" aria-level=\"1\"><span style=\"font-weight: 400;\">\u0110\u1ed3ng H\u00e0nh<\/span><\/li>\n<\/ul>\n<p><span style=\"font-weight: 400;\">T\u1ea5t c\u1ea3 nh\u1eefng s\u1ea3n ph\u1ea9m m\u00e0 <strong>UmiPhar<\/strong> cung c\u1ea5p \u0111\u1ec1u \u0111\u01b0\u1ee3c tr\u1ea3i qua quy tr\u00ecnh ki\u1ec3m \u0111\u1ecbnh nghi\u00eam ng\u1eb7t v\u1ec1 t\u00ednh an to\u00e0n v\u00e0 hi\u1ec7u qu\u1ea3. V\u1edbi ti\u00eau ch\u00ed kh\u00e1ch h\u00e0ng l\u00e0 trung t\u00e2m, UmiPhar lu\u00f4n t\u1ec9 m\u1ec9 t\u1eeb nh\u1eefng \u0111i\u1ec1u nh\u1ecf nh\u1ea5t nh\u1eb1m n\u00e2ng cao tr\u1ea3i nghi\u1ec7m v\u00e0 mang \u0111\u1ebfn s\u1ef1 h\u00e0i l\u00f2ng v\u01b0\u1ee3t mong \u0111\u1ee3i cho t\u1ea5t c\u1ea3 Qu\u00fd kh\u00e1ch h\u00e0ng!<\/span><\/p>\n<p>M\u1ecdi chi ti\u1ebft vui l\u00f2ng li\u00ean h\u1ec7 :<\/p>\n<p>C\u00d4NG TY C\u1ed4 PH\u1ea6N D\u01af\u1ee2C PH\u1ea8M QU\u1ed0C T\u1ebe UMIPHAR<\/p>\n<p>\u0110\u1ecba ch\u1ec9: T\u1ea7ng B2, T\u00f2a R6 Royal City, S\u1ed1 72A Nguy\u1ec5n Tr\u00e3i, Ph\u01b0\u1eddng Th\u01b0\u1ee3ng \u0110\u00ecnh, Qu\u1eadn Thanh Xu\u00e2n, H\u00e0 N\u1ed9i<\/p>\n<p>Hotline: <a href=\"tel:0978065179\">0978.065.179<\/a><\/p>\n<p>Email: info@astarpharma.vinastar.info<\/p>\n<p>Website: astarpharma.vinastar.info<\/p>\n<p>&nbsp;<\/p>\n","protected":false},"excerpt":{"rendered":"<p>GI\u1edaI THI\u1ec6U C\u00d4NG TY UMIPHAR UmiPhar xin g\u1eedi l\u1eddi ch\u00e0o tr\u00e2n tr\u1ecdng \u0111\u1ebfn Qu\u00fd kh\u00e1ch h\u00e0ng! C\u00f4ng ty C\u1ed5 ph\u1ea7n D\u01b0\u1ee3c ph\u1ea9m Qu\u1ed1c t\u1ebf UmiPhar lu\u00f4n h\u01b0\u1edbng \u0111\u1ebfn m\u1ee5c ti\u00eau \u0111\u01b0\u1ee3c ph\u1ee5c v\u1ee5, ch\u0103m s\u00f3c s\u1ee9c kh\u1ecfe c\u1ed9ng \u0111\u1ed3ng v\u1edbi ch\u1ea5t l\u01b0\u1ee3ng t\u1ed1t nh\u1ea5t v\u00e0 gi\u00e1 c\u1ea3 h\u1ee3p l\u00fd. UmiPhar c\u00f3 \u0111\u1ed9i ng\u0169 chuy\u00ean gia [&#8230;]\n","protected":false},"author":1,"featured_media":0,"parent":0,"menu_order":13,"comment_status":"closed","ping_status":"closed","template":"","meta":[],"_links":{"self":[{"href":"https:\/\/astarpharma.vinastar.info\/index.php?rest_route=\/wp\/v2\/pages\/508"}],"collection":[{"href":"https:\/\/astarpharma.vinastar.info\/index.php?rest_route=\/wp\/v2\/pages"}],"about":[{"href":"https:\/\/astarpharma.vinastar.info\/index.php?rest_route=\/wp\/v2\/types\/page"}],"author":[{"embeddable":true,"href":"https:\/\/astarpharma.vinastar.info\/index.php?rest_route=\/wp\/v2\/users\/1"}],"replies":[{"embeddable":true,"href":"https:\/\/astarpharma.vinastar.info\/index.php?rest_route=%2Fwp%2Fv2%2Fcomments&post=508"}],"version-history":[{"count":5,"href":"https:\/\/astarpharma.vinastar.info\/index.php?rest_route=\/wp\/v2\/pages\/508\/revisions"}],"predecessor-version":[{"id":1649,"href":"https:\/\/astarpharma.vinastar.info\/index.php?rest_route=\/wp\/v2\/pages\/508\/revisions\/1649"}],"wp:attachment":[{"href":"https:\/\/astarpharma.vinastar.info\/index.php?rest_route=%2Fwp%2Fv2%2Fmedia&parent=508"}],"curies":[{"name":"wp","href":"https:\/\/api.w.org\/{rel}","templated":true}]}}